{"id":3553,"date":"2023-05-25T12:23:12","date_gmt":"2023-05-25T10:23:12","guid":{"rendered":"https:\/\/www.movetodelivery.cz\/blog\/"},"modified":"2023-07-19T14:04:42","modified_gmt":"2023-07-19T12:04:42","slug":"blog","status":"publish","type":"page","link":"https:\/\/www.movetodelivery.cz\/uk\/blog\/","title":{"rendered":"\u0431\u043b\u043e\u0433"},"content":{"rendered":"","protected":false},"excerpt":{"rendered":"","protected":false},"author":1,"featured_media":0,"parent":0,"menu_order":0,"comment_status":"closed","ping_status":"closed","template":"page-templates\/template-blog_list.php","meta":{"footnotes":""},"class_list":["post-3553","page","type-page","status-publish","hentry"],"acf":[],"yoast_head":"<!-- This site is optimized with the Yoast SEO plugin v20.10 - https:\/\/yoast.com\/wordpress\/plugins\/seo\/ -->\n<title>\u0431\u043b\u043e\u0433 - MoveTo Delivery<\/title>\n<meta name=\"description\" content=\"Tipy, zaj\u00edmavosti a \u010dl\u00e1nky ze sv\u011bta logistiky. V\u0161echny d\u016fle\u017eit\u00e9 informace a zaj\u00edmavosti na\u00a0jednom\u00a0m\u00edst\u011b.\" \/>\n<meta name=\"robots\" content=\"index, follow, max-snippet:-1, max-image-preview:large, max-video-preview:-1\" \/>\n<link rel=\"canonical\" href=\"https:\/\/www.movetodelivery.cz\/uk\/blog\/\" \/>\n<meta property=\"og:locale\" content=\"uk_UA\" \/>\n<meta property=\"og:type\" content=\"article\" \/>\n<meta property=\"og:title\" content=\"\u0431\u043b\u043e\u0433 - MoveTo Delivery\" \/>\n<meta property=\"og:description\" content=\"Tipy, zaj\u00edmavosti a \u010dl\u00e1nky ze sv\u011bta logistiky. V\u0161echny d\u016fle\u017eit\u00e9 informace a zaj\u00edmavosti na\u00a0jednom\u00a0m\u00edst\u011b.\" \/>\n<meta property=\"og:url\" content=\"https:\/\/www.movetodelivery.cz\/uk\/blog\/\" \/>\n<meta property=\"og:site_name\" content=\"MoveTo Delivery\" \/>\n<meta property=\"article:modified_time\" content=\"2023-07-19T12:04:42+00:00\" \/>\n<meta name=\"twitter:card\" content=\"summary_large_image\" \/>\n<script type=\"application\/ld+json\" class=\"yoast-schema-graph\">{\"@context\":\"https:\/\/schema.org\",\"@graph\":[{\"@type\":\"WebPage\",\"@id\":\"https:\/\/www.movetodelivery.cz\/uk\/blog\/\",\"url\":\"https:\/\/www.movetodelivery.cz\/uk\/blog\/\",\"name\":\"\u0431\u043b\u043e\u0433 - MoveTo Delivery\",\"isPartOf\":{\"@id\":\"https:\/\/www.movetodelivery.cz\/uk\/#website\"},\"datePublished\":\"2023-05-25T10:23:12+00:00\",\"dateModified\":\"2023-07-19T12:04:42+00:00\",\"description\":\"Tipy, zaj\u00edmavosti a \u010dl\u00e1nky ze sv\u011bta logistiky. V\u0161echny d\u016fle\u017eit\u00e9 informace a zaj\u00edmavosti na\u00a0jednom\u00a0m\u00edst\u011b.\",\"breadcrumb\":{\"@id\":\"https:\/\/www.movetodelivery.cz\/uk\/blog\/#breadcrumb\"},\"inLanguage\":\"uk\",\"potentialAction\":[{\"@type\":\"ReadAction\",\"target\":[\"https:\/\/www.movetodelivery.cz\/uk\/blog\/\"]}]},{\"@type\":\"BreadcrumbList\",\"@id\":\"https:\/\/www.movetodelivery.cz\/uk\/blog\/#breadcrumb\",\"itemListElement\":[{\"@type\":\"ListItem\",\"position\":1,\"name\":\"Dom\u016f\",\"item\":\"https:\/\/www.movetodelivery.cz\/uk\/\"},{\"@type\":\"ListItem\",\"position\":2,\"name\":\"\u0431\u043b\u043e\u0433\"}]},{\"@type\":\"WebSite\",\"@id\":\"https:\/\/www.movetodelivery.cz\/uk\/#website\",\"url\":\"https:\/\/www.movetodelivery.cz\/uk\/\",\"name\":\"MoveTo Delivery\",\"description\":\"\",\"potentialAction\":[{\"@type\":\"SearchAction\",\"target\":{\"@type\":\"EntryPoint\",\"urlTemplate\":\"https:\/\/www.movetodelivery.cz\/uk\/?s={search_term_string}\"},\"query-input\":\"required name=search_term_string\"}],\"inLanguage\":\"uk\"}]}<\/script>\n<!-- \/ Yoast SEO plugin. -->","yoast_head_json":{"title":"\u0431\u043b\u043e\u0433 - MoveTo Delivery","description":"Tipy, zaj\u00edmavosti a \u010dl\u00e1nky ze sv\u011bta logistiky. V\u0161echny d\u016fle\u017eit\u00e9 informace a zaj\u00edmavosti na\u00a0jednom\u00a0m\u00edst\u011b.","robots":{"index":"index","follow":"follow","max-snippet":"max-snippet:-1","max-image-preview":"max-image-preview:large","max-video-preview":"max-video-preview:-1"},"canonical":"https:\/\/www.movetodelivery.cz\/uk\/blog\/","og_locale":"uk_UA","og_type":"article","og_title":"\u0431\u043b\u043e\u0433 - MoveTo Delivery","og_description":"Tipy, zaj\u00edmavosti a \u010dl\u00e1nky ze sv\u011bta logistiky. V\u0161echny d\u016fle\u017eit\u00e9 informace a zaj\u00edmavosti na\u00a0jednom\u00a0m\u00edst\u011b.","og_url":"https:\/\/www.movetodelivery.cz\/uk\/blog\/","og_site_name":"MoveTo Delivery","article_modified_time":"2023-07-19T12:04:42+00:00","twitter_card":"summary_large_image","schema":{"@context":"https:\/\/schema.org","@graph":[{"@type":"WebPage","@id":"https:\/\/www.movetodelivery.cz\/uk\/blog\/","url":"https:\/\/www.movetodelivery.cz\/uk\/blog\/","name":"\u0431\u043b\u043e\u0433 - MoveTo Delivery","isPartOf":{"@id":"https:\/\/www.movetodelivery.cz\/uk\/#website"},"datePublished":"2023-05-25T10:23:12+00:00","dateModified":"2023-07-19T12:04:42+00:00","description":"Tipy, zaj\u00edmavosti a \u010dl\u00e1nky ze sv\u011bta logistiky. V\u0161echny d\u016fle\u017eit\u00e9 informace a zaj\u00edmavosti na\u00a0jednom\u00a0m\u00edst\u011b.","breadcrumb":{"@id":"https:\/\/www.movetodelivery.cz\/uk\/blog\/#breadcrumb"},"inLanguage":"uk","potentialAction":[{"@type":"ReadAction","target":["https:\/\/www.movetodelivery.cz\/uk\/blog\/"]}]},{"@type":"BreadcrumbList","@id":"https:\/\/www.movetodelivery.cz\/uk\/blog\/#breadcrumb","itemListElement":[{"@type":"ListItem","position":1,"name":"Dom\u016f","item":"https:\/\/www.movetodelivery.cz\/uk\/"},{"@type":"ListItem","position":2,"name":"\u0431\u043b\u043e\u0433"}]},{"@type":"WebSite","@id":"https:\/\/www.movetodelivery.cz\/uk\/#website","url":"https:\/\/www.movetodelivery.cz\/uk\/","name":"MoveTo Delivery","description":"","potentialAction":[{"@type":"SearchAction","target":{"@type":"EntryPoint","urlTemplate":"https:\/\/www.movetodelivery.cz\/uk\/?s={search_term_string}"},"query-input":"required name=search_term_string"}],"inLanguage":"uk"}]}},"_links":{"self":[{"href":"https:\/\/www.movetodelivery.cz\/uk\/wp-json\/wp\/v2\/pages\/3553","targetHints":{"allow":["GET"]}}],"collection":[{"href":"https:\/\/www.movetodelivery.cz\/uk\/wp-json\/wp\/v2\/pages"}],"about":[{"href":"https:\/\/www.movetodelivery.cz\/uk\/wp-json\/wp\/v2\/types\/page"}],"author":[{"embeddable":true,"href":"https:\/\/www.movetodelivery.cz\/uk\/wp-json\/wp\/v2\/users\/1"}],"replies":[{"embeddable":true,"href":"https:\/\/www.movetodelivery.cz\/uk\/wp-json\/wp\/v2\/comments?post=3553"}],"version-history":[{"count":1,"href":"https:\/\/www.movetodelivery.cz\/uk\/wp-json\/wp\/v2\/pages\/3553\/revisions"}],"predecessor-version":[{"id":3554,"href":"https:\/\/www.movetodelivery.cz\/uk\/wp-json\/wp\/v2\/pages\/3553\/revisions\/3554"}],"wp:attachment":[{"href":"https:\/\/www.movetodelivery.cz\/uk\/wp-json\/wp\/v2\/media?parent=3553"}],"curies":[{"name":"wp","href":"https:\/\/api.w.org\/{rel}","templated":true}]}}