{"id":3396,"date":"2023-05-24T13:18:29","date_gmt":"2023-05-24T11:18:29","guid":{"rendered":"https:\/\/www.movetodelivery.cz\/nase-parta\/"},"modified":"2023-07-21T09:22:04","modified_gmt":"2023-07-21T07:22:04","slug":"nase-parta","status":"publish","type":"page","link":"https:\/\/www.movetodelivery.cz\/uk\/nase-parta\/","title":{"rendered":"\u041d\u0410\u0428\u0410 \u041a\u041e\u041c\u0410\u041d\u0414\u0410"},"content":{"rendered":"","protected":false},"excerpt":{"rendered":"","protected":false},"author":1,"featured_media":0,"parent":0,"menu_order":0,"comment_status":"closed","ping_status":"closed","template":"page-templates\/template-about_crew.php","meta":{"footnotes":""},"class_list":["post-3396","page","type-page","status-publish","hentry"],"acf":[],"yoast_head":"<!-- This site is optimized with the Yoast SEO plugin v20.10 - https:\/\/yoast.com\/wordpress\/plugins\/seo\/ -->\n<title>\u041d\u0410\u0428\u0410 \u041a\u041e\u041c\u0410\u041d\u0414\u0410 - MoveTo Delivery<\/title>\n<meta name=\"description\" content=\"N\u00e1\u0161 t\u00fdm se skl\u00e1d\u00e1 z kvalifikovan\u00fdch a zku\u0161en\u00fdch profesion\u00e1l\u016f. Zaji\u0161\u0165ujeme komplexn\u00ed logistick\u00e1 \u0159e\u0161en\u00ed a nejvy\u0161\u0161\u00ed\u00a0\u00farove\u0148\u00a0slu\u017eeb.\" \/>\n<meta name=\"robots\" content=\"index, follow, max-snippet:-1, max-image-preview:large, max-video-preview:-1\" \/>\n<link rel=\"canonical\" href=\"https:\/\/www.movetodelivery.cz\/uk\/nase-parta\/\" \/>\n<meta property=\"og:locale\" content=\"uk_UA\" \/>\n<meta property=\"og:type\" content=\"article\" \/>\n<meta property=\"og:title\" content=\"\u041d\u0410\u0428\u0410 \u041a\u041e\u041c\u0410\u041d\u0414\u0410 - MoveTo Delivery\" \/>\n<meta property=\"og:description\" content=\"N\u00e1\u0161 t\u00fdm se skl\u00e1d\u00e1 z kvalifikovan\u00fdch a zku\u0161en\u00fdch profesion\u00e1l\u016f. Zaji\u0161\u0165ujeme komplexn\u00ed logistick\u00e1 \u0159e\u0161en\u00ed a nejvy\u0161\u0161\u00ed\u00a0\u00farove\u0148\u00a0slu\u017eeb.\" \/>\n<meta property=\"og:url\" content=\"https:\/\/www.movetodelivery.cz\/uk\/nase-parta\/\" \/>\n<meta property=\"og:site_name\" content=\"MoveTo Delivery\" \/>\n<meta property=\"article:modified_time\" content=\"2023-07-21T07:22:04+00:00\" \/>\n<meta name=\"twitter:card\" content=\"summary_large_image\" \/>\n<script type=\"application\/ld+json\" class=\"yoast-schema-graph\">{\"@context\":\"https:\/\/schema.org\",\"@graph\":[{\"@type\":\"WebPage\",\"@id\":\"https:\/\/www.movetodelivery.cz\/uk\/nase-parta\/\",\"url\":\"https:\/\/www.movetodelivery.cz\/uk\/nase-parta\/\",\"name\":\"\u041d\u0410\u0428\u0410 \u041a\u041e\u041c\u0410\u041d\u0414\u0410 - MoveTo Delivery\",\"isPartOf\":{\"@id\":\"https:\/\/www.movetodelivery.cz\/uk\/#website\"},\"datePublished\":\"2023-05-24T11:18:29+00:00\",\"dateModified\":\"2023-07-21T07:22:04+00:00\",\"description\":\"N\u00e1\u0161 t\u00fdm se skl\u00e1d\u00e1 z kvalifikovan\u00fdch a zku\u0161en\u00fdch profesion\u00e1l\u016f. Zaji\u0161\u0165ujeme komplexn\u00ed logistick\u00e1 \u0159e\u0161en\u00ed a nejvy\u0161\u0161\u00ed\u00a0\u00farove\u0148\u00a0slu\u017eeb.\",\"breadcrumb\":{\"@id\":\"https:\/\/www.movetodelivery.cz\/uk\/nase-parta\/#breadcrumb\"},\"inLanguage\":\"uk\",\"potentialAction\":[{\"@type\":\"ReadAction\",\"target\":[\"https:\/\/www.movetodelivery.cz\/uk\/nase-parta\/\"]}]},{\"@type\":\"BreadcrumbList\",\"@id\":\"https:\/\/www.movetodelivery.cz\/uk\/nase-parta\/#breadcrumb\",\"itemListElement\":[{\"@type\":\"ListItem\",\"position\":1,\"name\":\"Dom\u016f\",\"item\":\"https:\/\/www.movetodelivery.cz\/uk\/\"},{\"@type\":\"ListItem\",\"position\":2,\"name\":\"\u041d\u0410\u0428\u0410 \u041a\u041e\u041c\u0410\u041d\u0414\u0410\"}]},{\"@type\":\"WebSite\",\"@id\":\"https:\/\/www.movetodelivery.cz\/uk\/#website\",\"url\":\"https:\/\/www.movetodelivery.cz\/uk\/\",\"name\":\"MoveTo Delivery\",\"description\":\"\",\"potentialAction\":[{\"@type\":\"SearchAction\",\"target\":{\"@type\":\"EntryPoint\",\"urlTemplate\":\"https:\/\/www.movetodelivery.cz\/uk\/?s={search_term_string}\"},\"query-input\":\"required name=search_term_string\"}],\"inLanguage\":\"uk\"}]}<\/script>\n<!-- \/ Yoast SEO plugin. -->","yoast_head_json":{"title":"\u041d\u0410\u0428\u0410 \u041a\u041e\u041c\u0410\u041d\u0414\u0410 - MoveTo Delivery","description":"N\u00e1\u0161 t\u00fdm se skl\u00e1d\u00e1 z kvalifikovan\u00fdch a zku\u0161en\u00fdch profesion\u00e1l\u016f. Zaji\u0161\u0165ujeme komplexn\u00ed logistick\u00e1 \u0159e\u0161en\u00ed a nejvy\u0161\u0161\u00ed\u00a0\u00farove\u0148\u00a0slu\u017eeb.","robots":{"index":"index","follow":"follow","max-snippet":"max-snippet:-1","max-image-preview":"max-image-preview:large","max-video-preview":"max-video-preview:-1"},"canonical":"https:\/\/www.movetodelivery.cz\/uk\/nase-parta\/","og_locale":"uk_UA","og_type":"article","og_title":"\u041d\u0410\u0428\u0410 \u041a\u041e\u041c\u0410\u041d\u0414\u0410 - MoveTo Delivery","og_description":"N\u00e1\u0161 t\u00fdm se skl\u00e1d\u00e1 z kvalifikovan\u00fdch a zku\u0161en\u00fdch profesion\u00e1l\u016f. Zaji\u0161\u0165ujeme komplexn\u00ed logistick\u00e1 \u0159e\u0161en\u00ed a nejvy\u0161\u0161\u00ed\u00a0\u00farove\u0148\u00a0slu\u017eeb.","og_url":"https:\/\/www.movetodelivery.cz\/uk\/nase-parta\/","og_site_name":"MoveTo Delivery","article_modified_time":"2023-07-21T07:22:04+00:00","twitter_card":"summary_large_image","schema":{"@context":"https:\/\/schema.org","@graph":[{"@type":"WebPage","@id":"https:\/\/www.movetodelivery.cz\/uk\/nase-parta\/","url":"https:\/\/www.movetodelivery.cz\/uk\/nase-parta\/","name":"\u041d\u0410\u0428\u0410 \u041a\u041e\u041c\u0410\u041d\u0414\u0410 - MoveTo Delivery","isPartOf":{"@id":"https:\/\/www.movetodelivery.cz\/uk\/#website"},"datePublished":"2023-05-24T11:18:29+00:00","dateModified":"2023-07-21T07:22:04+00:00","description":"N\u00e1\u0161 t\u00fdm se skl\u00e1d\u00e1 z kvalifikovan\u00fdch a zku\u0161en\u00fdch profesion\u00e1l\u016f. Zaji\u0161\u0165ujeme komplexn\u00ed logistick\u00e1 \u0159e\u0161en\u00ed a nejvy\u0161\u0161\u00ed\u00a0\u00farove\u0148\u00a0slu\u017eeb.","breadcrumb":{"@id":"https:\/\/www.movetodelivery.cz\/uk\/nase-parta\/#breadcrumb"},"inLanguage":"uk","potentialAction":[{"@type":"ReadAction","target":["https:\/\/www.movetodelivery.cz\/uk\/nase-parta\/"]}]},{"@type":"BreadcrumbList","@id":"https:\/\/www.movetodelivery.cz\/uk\/nase-parta\/#breadcrumb","itemListElement":[{"@type":"ListItem","position":1,"name":"Dom\u016f","item":"https:\/\/www.movetodelivery.cz\/uk\/"},{"@type":"ListItem","position":2,"name":"\u041d\u0410\u0428\u0410 \u041a\u041e\u041c\u0410\u041d\u0414\u0410"}]},{"@type":"WebSite","@id":"https:\/\/www.movetodelivery.cz\/uk\/#website","url":"https:\/\/www.movetodelivery.cz\/uk\/","name":"MoveTo Delivery","description":"","potentialAction":[{"@type":"SearchAction","target":{"@type":"EntryPoint","urlTemplate":"https:\/\/www.movetodelivery.cz\/uk\/?s={search_term_string}"},"query-input":"required name=search_term_string"}],"inLanguage":"uk"}]}},"_links":{"self":[{"href":"https:\/\/www.movetodelivery.cz\/uk\/wp-json\/wp\/v2\/pages\/3396","targetHints":{"allow":["GET"]}}],"collection":[{"href":"https:\/\/www.movetodelivery.cz\/uk\/wp-json\/wp\/v2\/pages"}],"about":[{"href":"https:\/\/www.movetodelivery.cz\/uk\/wp-json\/wp\/v2\/types\/page"}],"author":[{"embeddable":true,"href":"https:\/\/www.movetodelivery.cz\/uk\/wp-json\/wp\/v2\/users\/1"}],"replies":[{"embeddable":true,"href":"https:\/\/www.movetodelivery.cz\/uk\/wp-json\/wp\/v2\/comments?post=3396"}],"version-history":[{"count":3,"href":"https:\/\/www.movetodelivery.cz\/uk\/wp-json\/wp\/v2\/pages\/3396\/revisions"}],"predecessor-version":[{"id":3629,"href":"https:\/\/www.movetodelivery.cz\/uk\/wp-json\/wp\/v2\/pages\/3396\/revisions\/3629"}],"wp:attachment":[{"href":"https:\/\/www.movetodelivery.cz\/uk\/wp-json\/wp\/v2\/media?parent=3396"}],"curies":[{"name":"wp","href":"https:\/\/api.w.org\/{rel}","templated":true}]}}