{"id":3390,"date":"2023-05-24T11:21:23","date_gmt":"2023-05-24T09:21:23","guid":{"rendered":"https:\/\/www.movetodelivery.cz\/nas-pribeh\/"},"modified":"2023-07-17T14:25:39","modified_gmt":"2023-07-17T12:25:39","slug":"nas-pribeh","status":"publish","type":"page","link":"https:\/\/www.movetodelivery.cz\/uk\/nas-pribeh\/","title":{"rendered":"\u041d\u0410\u0428\u0410 \u0406\u0421\u0422\u041e\u0420\u0406\u042f"},"content":{"rendered":"","protected":false},"excerpt":{"rendered":"","protected":false},"author":1,"featured_media":0,"parent":0,"menu_order":0,"comment_status":"closed","ping_status":"closed","template":"page-templates\/template-about.php","meta":{"footnotes":""},"class_list":["post-3390","page","type-page","status-publish","hentry"],"acf":[],"yoast_head":"<!-- This site is optimized with the Yoast SEO plugin v20.10 - https:\/\/yoast.com\/wordpress\/plugins\/seo\/ -->\n<title>\u041d\u0410\u0428\u0410 \u0406\u0421\u0422\u041e\u0420\u0406\u042f - MoveTo Delivery<\/title>\n<meta name=\"description\" content=\"Na\u0161e cesta za\u010dala v roce 2020. Dnes m\u00e1me p\u0159es 1800 kur\u00fdr\u016f. P\u0159e\u010dt\u011bte si o na\u0161\u00ed cest\u011b, kter\u00e1 je pln\u00e1 r\u016fstu, inovac\u00ed a odhodl\u00e1n\u00ed.\" \/>\n<meta name=\"robots\" content=\"index, follow, max-snippet:-1, max-image-preview:large, max-video-preview:-1\" \/>\n<link rel=\"canonical\" href=\"https:\/\/www.movetodelivery.cz\/uk\/nas-pribeh\/\" \/>\n<meta property=\"og:locale\" content=\"uk_UA\" \/>\n<meta property=\"og:type\" content=\"article\" \/>\n<meta property=\"og:title\" content=\"\u041d\u0410\u0428\u0410 \u0406\u0421\u0422\u041e\u0420\u0406\u042f - MoveTo Delivery\" \/>\n<meta property=\"og:description\" content=\"Na\u0161e cesta za\u010dala v roce 2020. Dnes m\u00e1me p\u0159es 1800 kur\u00fdr\u016f. P\u0159e\u010dt\u011bte si o na\u0161\u00ed cest\u011b, kter\u00e1 je pln\u00e1 r\u016fstu, inovac\u00ed a odhodl\u00e1n\u00ed.\" \/>\n<meta property=\"og:url\" content=\"https:\/\/www.movetodelivery.cz\/uk\/nas-pribeh\/\" \/>\n<meta property=\"og:site_name\" content=\"MoveTo Delivery\" \/>\n<meta property=\"article:modified_time\" content=\"2023-07-17T12:25:39+00:00\" \/>\n<meta name=\"twitter:card\" content=\"summary_large_image\" \/>\n<script type=\"application\/ld+json\" class=\"yoast-schema-graph\">{\"@context\":\"https:\/\/schema.org\",\"@graph\":[{\"@type\":\"WebPage\",\"@id\":\"https:\/\/www.movetodelivery.cz\/uk\/nas-pribeh\/\",\"url\":\"https:\/\/www.movetodelivery.cz\/uk\/nas-pribeh\/\",\"name\":\"\u041d\u0410\u0428\u0410 \u0406\u0421\u0422\u041e\u0420\u0406\u042f - MoveTo Delivery\",\"isPartOf\":{\"@id\":\"https:\/\/www.movetodelivery.cz\/uk\/#website\"},\"datePublished\":\"2023-05-24T09:21:23+00:00\",\"dateModified\":\"2023-07-17T12:25:39+00:00\",\"description\":\"Na\u0161e cesta za\u010dala v roce 2020. Dnes m\u00e1me p\u0159es 1800 kur\u00fdr\u016f. P\u0159e\u010dt\u011bte si o na\u0161\u00ed cest\u011b, kter\u00e1 je pln\u00e1 r\u016fstu, inovac\u00ed a odhodl\u00e1n\u00ed.\",\"breadcrumb\":{\"@id\":\"https:\/\/www.movetodelivery.cz\/uk\/nas-pribeh\/#breadcrumb\"},\"inLanguage\":\"uk\",\"potentialAction\":[{\"@type\":\"ReadAction\",\"target\":[\"https:\/\/www.movetodelivery.cz\/uk\/nas-pribeh\/\"]}]},{\"@type\":\"BreadcrumbList\",\"@id\":\"https:\/\/www.movetodelivery.cz\/uk\/nas-pribeh\/#breadcrumb\",\"itemListElement\":[{\"@type\":\"ListItem\",\"position\":1,\"name\":\"Dom\u016f\",\"item\":\"https:\/\/www.movetodelivery.cz\/uk\/\"},{\"@type\":\"ListItem\",\"position\":2,\"name\":\"\u041d\u0410\u0428\u0410 \u0406\u0421\u0422\u041e\u0420\u0406\u042f\"}]},{\"@type\":\"WebSite\",\"@id\":\"https:\/\/www.movetodelivery.cz\/uk\/#website\",\"url\":\"https:\/\/www.movetodelivery.cz\/uk\/\",\"name\":\"MoveTo Delivery\",\"description\":\"\",\"potentialAction\":[{\"@type\":\"SearchAction\",\"target\":{\"@type\":\"EntryPoint\",\"urlTemplate\":\"https:\/\/www.movetodelivery.cz\/uk\/?s={search_term_string}\"},\"query-input\":\"required name=search_term_string\"}],\"inLanguage\":\"uk\"}]}<\/script>\n<!-- \/ Yoast SEO plugin. -->","yoast_head_json":{"title":"\u041d\u0410\u0428\u0410 \u0406\u0421\u0422\u041e\u0420\u0406\u042f - MoveTo Delivery","description":"Na\u0161e cesta za\u010dala v roce 2020. Dnes m\u00e1me p\u0159es 1800 kur\u00fdr\u016f. P\u0159e\u010dt\u011bte si o na\u0161\u00ed cest\u011b, kter\u00e1 je pln\u00e1 r\u016fstu, inovac\u00ed a odhodl\u00e1n\u00ed.","robots":{"index":"index","follow":"follow","max-snippet":"max-snippet:-1","max-image-preview":"max-image-preview:large","max-video-preview":"max-video-preview:-1"},"canonical":"https:\/\/www.movetodelivery.cz\/uk\/nas-pribeh\/","og_locale":"uk_UA","og_type":"article","og_title":"\u041d\u0410\u0428\u0410 \u0406\u0421\u0422\u041e\u0420\u0406\u042f - MoveTo Delivery","og_description":"Na\u0161e cesta za\u010dala v roce 2020. Dnes m\u00e1me p\u0159es 1800 kur\u00fdr\u016f. P\u0159e\u010dt\u011bte si o na\u0161\u00ed cest\u011b, kter\u00e1 je pln\u00e1 r\u016fstu, inovac\u00ed a odhodl\u00e1n\u00ed.","og_url":"https:\/\/www.movetodelivery.cz\/uk\/nas-pribeh\/","og_site_name":"MoveTo Delivery","article_modified_time":"2023-07-17T12:25:39+00:00","twitter_card":"summary_large_image","schema":{"@context":"https:\/\/schema.org","@graph":[{"@type":"WebPage","@id":"https:\/\/www.movetodelivery.cz\/uk\/nas-pribeh\/","url":"https:\/\/www.movetodelivery.cz\/uk\/nas-pribeh\/","name":"\u041d\u0410\u0428\u0410 \u0406\u0421\u0422\u041e\u0420\u0406\u042f - MoveTo Delivery","isPartOf":{"@id":"https:\/\/www.movetodelivery.cz\/uk\/#website"},"datePublished":"2023-05-24T09:21:23+00:00","dateModified":"2023-07-17T12:25:39+00:00","description":"Na\u0161e cesta za\u010dala v roce 2020. Dnes m\u00e1me p\u0159es 1800 kur\u00fdr\u016f. P\u0159e\u010dt\u011bte si o na\u0161\u00ed cest\u011b, kter\u00e1 je pln\u00e1 r\u016fstu, inovac\u00ed a odhodl\u00e1n\u00ed.","breadcrumb":{"@id":"https:\/\/www.movetodelivery.cz\/uk\/nas-pribeh\/#breadcrumb"},"inLanguage":"uk","potentialAction":[{"@type":"ReadAction","target":["https:\/\/www.movetodelivery.cz\/uk\/nas-pribeh\/"]}]},{"@type":"BreadcrumbList","@id":"https:\/\/www.movetodelivery.cz\/uk\/nas-pribeh\/#breadcrumb","itemListElement":[{"@type":"ListItem","position":1,"name":"Dom\u016f","item":"https:\/\/www.movetodelivery.cz\/uk\/"},{"@type":"ListItem","position":2,"name":"\u041d\u0410\u0428\u0410 \u0406\u0421\u0422\u041e\u0420\u0406\u042f"}]},{"@type":"WebSite","@id":"https:\/\/www.movetodelivery.cz\/uk\/#website","url":"https:\/\/www.movetodelivery.cz\/uk\/","name":"MoveTo Delivery","description":"","potentialAction":[{"@type":"SearchAction","target":{"@type":"EntryPoint","urlTemplate":"https:\/\/www.movetodelivery.cz\/uk\/?s={search_term_string}"},"query-input":"required name=search_term_string"}],"inLanguage":"uk"}]}},"_links":{"self":[{"href":"https:\/\/www.movetodelivery.cz\/uk\/wp-json\/wp\/v2\/pages\/3390","targetHints":{"allow":["GET"]}}],"collection":[{"href":"https:\/\/www.movetodelivery.cz\/uk\/wp-json\/wp\/v2\/pages"}],"about":[{"href":"https:\/\/www.movetodelivery.cz\/uk\/wp-json\/wp\/v2\/types\/page"}],"author":[{"embeddable":true,"href":"https:\/\/www.movetodelivery.cz\/uk\/wp-json\/wp\/v2\/users\/1"}],"replies":[{"embeddable":true,"href":"https:\/\/www.movetodelivery.cz\/uk\/wp-json\/wp\/v2\/comments?post=3390"}],"version-history":[{"count":3,"href":"https:\/\/www.movetodelivery.cz\/uk\/wp-json\/wp\/v2\/pages\/3390\/revisions"}],"predecessor-version":[{"id":3395,"href":"https:\/\/www.movetodelivery.cz\/uk\/wp-json\/wp\/v2\/pages\/3390\/revisions\/3395"}],"wp:attachment":[{"href":"https:\/\/www.movetodelivery.cz\/uk\/wp-json\/wp\/v2\/media?parent=3390"}],"curies":[{"name":"wp","href":"https:\/\/api.w.org\/{rel}","templated":true}]}}