{"id":3380,"date":"2023-05-24T14:11:52","date_gmt":"2023-05-24T12:11:52","guid":{"rendered":"https:\/\/www.movetodelivery.cz\/kontakty\/"},"modified":"2023-07-17T14:15:40","modified_gmt":"2023-07-17T12:15:40","slug":"kontakty","status":"publish","type":"page","link":"https:\/\/www.movetodelivery.cz\/uk\/kontakty\/","title":{"rendered":"\u041a\u043e\u043d\u0442\u0430\u043a\u0442\u0438"},"content":{"rendered":"","protected":false},"excerpt":{"rendered":"","protected":false},"author":1,"featured_media":0,"parent":0,"menu_order":0,"comment_status":"closed","ping_status":"closed","template":"page-templates\/template-contact.php","meta":{"footnotes":""},"class_list":["post-3380","page","type-page","status-publish","hentry"],"acf":[],"yoast_head":"<!-- This site is optimized with the Yoast SEO plugin v20.10 - https:\/\/yoast.com\/wordpress\/plugins\/seo\/ -->\n<title>\u041a\u043e\u043d\u0442\u0430\u043a\u0442\u0438 - MoveTo Delivery<\/title>\n<meta name=\"description\" content=\"Obra\u0165te se na n\u00e1s. Jsme spolehliv\u00fd a efektivn\u00ed logistick\u00fd partner. Zajist\u00edme profesion\u00e1ln\u00ed slu\u017eby doru\u010den\u00ed na\u00a0posledn\u00ed\u00a0m\u00edli.\" \/>\n<meta name=\"robots\" content=\"index, follow, max-snippet:-1, max-image-preview:large, max-video-preview:-1\" \/>\n<link rel=\"canonical\" href=\"https:\/\/www.movetodelivery.cz\/uk\/kontakty\/\" \/>\n<meta property=\"og:locale\" content=\"uk_UA\" \/>\n<meta property=\"og:type\" content=\"article\" \/>\n<meta property=\"og:title\" content=\"\u041a\u043e\u043d\u0442\u0430\u043a\u0442\u0438 - MoveTo Delivery\" \/>\n<meta property=\"og:description\" content=\"Obra\u0165te se na n\u00e1s. Jsme spolehliv\u00fd a efektivn\u00ed logistick\u00fd partner. Zajist\u00edme profesion\u00e1ln\u00ed slu\u017eby doru\u010den\u00ed na\u00a0posledn\u00ed\u00a0m\u00edli.\" \/>\n<meta property=\"og:url\" content=\"https:\/\/www.movetodelivery.cz\/uk\/kontakty\/\" \/>\n<meta property=\"og:site_name\" content=\"MoveTo Delivery\" \/>\n<meta property=\"article:modified_time\" content=\"2023-07-17T12:15:40+00:00\" \/>\n<meta name=\"twitter:card\" content=\"summary_large_image\" \/>\n<script type=\"application\/ld+json\" class=\"yoast-schema-graph\">{\"@context\":\"https:\/\/schema.org\",\"@graph\":[{\"@type\":\"WebPage\",\"@id\":\"https:\/\/www.movetodelivery.cz\/uk\/kontakty\/\",\"url\":\"https:\/\/www.movetodelivery.cz\/uk\/kontakty\/\",\"name\":\"\u041a\u043e\u043d\u0442\u0430\u043a\u0442\u0438 - MoveTo Delivery\",\"isPartOf\":{\"@id\":\"https:\/\/www.movetodelivery.cz\/uk\/#website\"},\"datePublished\":\"2023-05-24T12:11:52+00:00\",\"dateModified\":\"2023-07-17T12:15:40+00:00\",\"description\":\"Obra\u0165te se na n\u00e1s. Jsme spolehliv\u00fd a efektivn\u00ed logistick\u00fd partner. Zajist\u00edme profesion\u00e1ln\u00ed slu\u017eby doru\u010den\u00ed na\u00a0posledn\u00ed\u00a0m\u00edli.\",\"breadcrumb\":{\"@id\":\"https:\/\/www.movetodelivery.cz\/uk\/kontakty\/#breadcrumb\"},\"inLanguage\":\"uk\",\"potentialAction\":[{\"@type\":\"ReadAction\",\"target\":[\"https:\/\/www.movetodelivery.cz\/uk\/kontakty\/\"]}]},{\"@type\":\"BreadcrumbList\",\"@id\":\"https:\/\/www.movetodelivery.cz\/uk\/kontakty\/#breadcrumb\",\"itemListElement\":[{\"@type\":\"ListItem\",\"position\":1,\"name\":\"Dom\u016f\",\"item\":\"https:\/\/www.movetodelivery.cz\/uk\/\"},{\"@type\":\"ListItem\",\"position\":2,\"name\":\"\u041a\u043e\u043d\u0442\u0430\u043a\u0442\u0438\"}]},{\"@type\":\"WebSite\",\"@id\":\"https:\/\/www.movetodelivery.cz\/uk\/#website\",\"url\":\"https:\/\/www.movetodelivery.cz\/uk\/\",\"name\":\"MoveTo Delivery\",\"description\":\"\",\"potentialAction\":[{\"@type\":\"SearchAction\",\"target\":{\"@type\":\"EntryPoint\",\"urlTemplate\":\"https:\/\/www.movetodelivery.cz\/uk\/?s={search_term_string}\"},\"query-input\":\"required name=search_term_string\"}],\"inLanguage\":\"uk\"}]}<\/script>\n<!-- \/ Yoast SEO plugin. -->","yoast_head_json":{"title":"\u041a\u043e\u043d\u0442\u0430\u043a\u0442\u0438 - MoveTo Delivery","description":"Obra\u0165te se na n\u00e1s. Jsme spolehliv\u00fd a efektivn\u00ed logistick\u00fd partner. Zajist\u00edme profesion\u00e1ln\u00ed slu\u017eby doru\u010den\u00ed na\u00a0posledn\u00ed\u00a0m\u00edli.","robots":{"index":"index","follow":"follow","max-snippet":"max-snippet:-1","max-image-preview":"max-image-preview:large","max-video-preview":"max-video-preview:-1"},"canonical":"https:\/\/www.movetodelivery.cz\/uk\/kontakty\/","og_locale":"uk_UA","og_type":"article","og_title":"\u041a\u043e\u043d\u0442\u0430\u043a\u0442\u0438 - MoveTo Delivery","og_description":"Obra\u0165te se na n\u00e1s. Jsme spolehliv\u00fd a efektivn\u00ed logistick\u00fd partner. Zajist\u00edme profesion\u00e1ln\u00ed slu\u017eby doru\u010den\u00ed na\u00a0posledn\u00ed\u00a0m\u00edli.","og_url":"https:\/\/www.movetodelivery.cz\/uk\/kontakty\/","og_site_name":"MoveTo Delivery","article_modified_time":"2023-07-17T12:15:40+00:00","twitter_card":"summary_large_image","schema":{"@context":"https:\/\/schema.org","@graph":[{"@type":"WebPage","@id":"https:\/\/www.movetodelivery.cz\/uk\/kontakty\/","url":"https:\/\/www.movetodelivery.cz\/uk\/kontakty\/","name":"\u041a\u043e\u043d\u0442\u0430\u043a\u0442\u0438 - MoveTo Delivery","isPartOf":{"@id":"https:\/\/www.movetodelivery.cz\/uk\/#website"},"datePublished":"2023-05-24T12:11:52+00:00","dateModified":"2023-07-17T12:15:40+00:00","description":"Obra\u0165te se na n\u00e1s. Jsme spolehliv\u00fd a efektivn\u00ed logistick\u00fd partner. Zajist\u00edme profesion\u00e1ln\u00ed slu\u017eby doru\u010den\u00ed na\u00a0posledn\u00ed\u00a0m\u00edli.","breadcrumb":{"@id":"https:\/\/www.movetodelivery.cz\/uk\/kontakty\/#breadcrumb"},"inLanguage":"uk","potentialAction":[{"@type":"ReadAction","target":["https:\/\/www.movetodelivery.cz\/uk\/kontakty\/"]}]},{"@type":"BreadcrumbList","@id":"https:\/\/www.movetodelivery.cz\/uk\/kontakty\/#breadcrumb","itemListElement":[{"@type":"ListItem","position":1,"name":"Dom\u016f","item":"https:\/\/www.movetodelivery.cz\/uk\/"},{"@type":"ListItem","position":2,"name":"\u041a\u043e\u043d\u0442\u0430\u043a\u0442\u0438"}]},{"@type":"WebSite","@id":"https:\/\/www.movetodelivery.cz\/uk\/#website","url":"https:\/\/www.movetodelivery.cz\/uk\/","name":"MoveTo Delivery","description":"","potentialAction":[{"@type":"SearchAction","target":{"@type":"EntryPoint","urlTemplate":"https:\/\/www.movetodelivery.cz\/uk\/?s={search_term_string}"},"query-input":"required name=search_term_string"}],"inLanguage":"uk"}]}},"_links":{"self":[{"href":"https:\/\/www.movetodelivery.cz\/uk\/wp-json\/wp\/v2\/pages\/3380","targetHints":{"allow":["GET"]}}],"collection":[{"href":"https:\/\/www.movetodelivery.cz\/uk\/wp-json\/wp\/v2\/pages"}],"about":[{"href":"https:\/\/www.movetodelivery.cz\/uk\/wp-json\/wp\/v2\/types\/page"}],"author":[{"embeddable":true,"href":"https:\/\/www.movetodelivery.cz\/uk\/wp-json\/wp\/v2\/users\/1"}],"replies":[{"embeddable":true,"href":"https:\/\/www.movetodelivery.cz\/uk\/wp-json\/wp\/v2\/comments?post=3380"}],"version-history":[{"count":2,"href":"https:\/\/www.movetodelivery.cz\/uk\/wp-json\/wp\/v2\/pages\/3380\/revisions"}],"predecessor-version":[{"id":3388,"href":"https:\/\/www.movetodelivery.cz\/uk\/wp-json\/wp\/v2\/pages\/3380\/revisions\/3388"}],"wp:attachment":[{"href":"https:\/\/www.movetodelivery.cz\/uk\/wp-json\/wp\/v2\/media?parent=3380"}],"curies":[{"name":"wp","href":"https:\/\/api.w.org\/{rel}","templated":true}]}}