{"id":3378,"date":"2023-05-24T14:57:07","date_gmt":"2023-05-24T12:57:07","guid":{"rendered":"https:\/\/www.movetodelivery.cz\/spolupracujeme\/"},"modified":"2023-10-17T09:38:01","modified_gmt":"2023-10-17T07:38:01","slug":"spolupracujeme","status":"publish","type":"page","link":"https:\/\/www.movetodelivery.cz\/uk\/spolupracujeme\/","title":{"rendered":"\u041c\u0418 \u041f\u0420\u0410\u0426\u042e\u0404\u041c\u041e \u0420\u0410\u0417\u041e\u041c"},"content":{"rendered":"","protected":false},"excerpt":{"rendered":"","protected":false},"author":1,"featured_media":0,"parent":0,"menu_order":0,"comment_status":"closed","ping_status":"closed","template":"page-templates\/template-cooperate.php","meta":{"footnotes":""},"class_list":["post-3378","page","type-page","status-publish","hentry"],"acf":[],"yoast_head":"<!-- This site is optimized with the Yoast SEO plugin v20.10 - https:\/\/yoast.com\/wordpress\/plugins\/seo\/ -->\n<title>\u041c\u0418 \u041f\u0420\u0410\u0426\u042e\u0404\u041c\u041e \u0420\u0410\u0417\u041e\u041c - MoveTo Delivery<\/title>\n<meta name=\"description\" content=\"\u00dazce spolupracujeme se siln\u00fdmi partnery, pln\u00edme z\u00e1vazky i o\u010dek\u00e1v\u00e1n\u00ed. Pom\u00e1h\u00e1me rychleji odbavovat objedn\u00e1vky a udr\u017eet v\u011brnost\u00a0z\u00e1kazn\u00edk\u016f.\" \/>\n<meta name=\"robots\" content=\"index, follow, max-snippet:-1, max-image-preview:large, max-video-preview:-1\" \/>\n<link rel=\"canonical\" href=\"https:\/\/www.movetodelivery.cz\/uk\/spolupracujeme\/\" \/>\n<meta property=\"og:locale\" content=\"uk_UA\" \/>\n<meta property=\"og:type\" content=\"article\" \/>\n<meta property=\"og:title\" content=\"\u041c\u0418 \u041f\u0420\u0410\u0426\u042e\u0404\u041c\u041e \u0420\u0410\u0417\u041e\u041c - MoveTo Delivery\" \/>\n<meta property=\"og:description\" content=\"\u00dazce spolupracujeme se siln\u00fdmi partnery, pln\u00edme z\u00e1vazky i o\u010dek\u00e1v\u00e1n\u00ed. Pom\u00e1h\u00e1me rychleji odbavovat objedn\u00e1vky a udr\u017eet v\u011brnost\u00a0z\u00e1kazn\u00edk\u016f.\" \/>\n<meta property=\"og:url\" content=\"https:\/\/www.movetodelivery.cz\/uk\/spolupracujeme\/\" \/>\n<meta property=\"og:site_name\" content=\"MoveTo Delivery\" \/>\n<meta property=\"article:modified_time\" content=\"2023-10-17T07:38:01+00:00\" \/>\n<meta name=\"twitter:card\" content=\"summary_large_image\" \/>\n<script type=\"application\/ld+json\" class=\"yoast-schema-graph\">{\"@context\":\"https:\/\/schema.org\",\"@graph\":[{\"@type\":\"WebPage\",\"@id\":\"https:\/\/www.movetodelivery.cz\/uk\/spolupracujeme\/\",\"url\":\"https:\/\/www.movetodelivery.cz\/uk\/spolupracujeme\/\",\"name\":\"\u041c\u0418 \u041f\u0420\u0410\u0426\u042e\u0404\u041c\u041e \u0420\u0410\u0417\u041e\u041c - MoveTo Delivery\",\"isPartOf\":{\"@id\":\"https:\/\/www.movetodelivery.cz\/uk\/#website\"},\"datePublished\":\"2023-05-24T12:57:07+00:00\",\"dateModified\":\"2023-10-17T07:38:01+00:00\",\"description\":\"\u00dazce spolupracujeme se siln\u00fdmi partnery, pln\u00edme z\u00e1vazky i o\u010dek\u00e1v\u00e1n\u00ed. Pom\u00e1h\u00e1me rychleji odbavovat objedn\u00e1vky a udr\u017eet v\u011brnost\u00a0z\u00e1kazn\u00edk\u016f.\",\"breadcrumb\":{\"@id\":\"https:\/\/www.movetodelivery.cz\/uk\/spolupracujeme\/#breadcrumb\"},\"inLanguage\":\"uk\",\"potentialAction\":[{\"@type\":\"ReadAction\",\"target\":[\"https:\/\/www.movetodelivery.cz\/uk\/spolupracujeme\/\"]}]},{\"@type\":\"BreadcrumbList\",\"@id\":\"https:\/\/www.movetodelivery.cz\/uk\/spolupracujeme\/#breadcrumb\",\"itemListElement\":[{\"@type\":\"ListItem\",\"position\":1,\"name\":\"Dom\u016f\",\"item\":\"https:\/\/www.movetodelivery.cz\/uk\/\"},{\"@type\":\"ListItem\",\"position\":2,\"name\":\"\u041c\u0418 \u041f\u0420\u0410\u0426\u042e\u0404\u041c\u041e \u0420\u0410\u0417\u041e\u041c\"}]},{\"@type\":\"WebSite\",\"@id\":\"https:\/\/www.movetodelivery.cz\/uk\/#website\",\"url\":\"https:\/\/www.movetodelivery.cz\/uk\/\",\"name\":\"MoveTo Delivery\",\"description\":\"\",\"potentialAction\":[{\"@type\":\"SearchAction\",\"target\":{\"@type\":\"EntryPoint\",\"urlTemplate\":\"https:\/\/www.movetodelivery.cz\/uk\/?s={search_term_string}\"},\"query-input\":\"required name=search_term_string\"}],\"inLanguage\":\"uk\"}]}<\/script>\n<!-- \/ Yoast SEO plugin. -->","yoast_head_json":{"title":"\u041c\u0418 \u041f\u0420\u0410\u0426\u042e\u0404\u041c\u041e \u0420\u0410\u0417\u041e\u041c - MoveTo Delivery","description":"\u00dazce spolupracujeme se siln\u00fdmi partnery, pln\u00edme z\u00e1vazky i o\u010dek\u00e1v\u00e1n\u00ed. Pom\u00e1h\u00e1me rychleji odbavovat objedn\u00e1vky a udr\u017eet v\u011brnost\u00a0z\u00e1kazn\u00edk\u016f.","robots":{"index":"index","follow":"follow","max-snippet":"max-snippet:-1","max-image-preview":"max-image-preview:large","max-video-preview":"max-video-preview:-1"},"canonical":"https:\/\/www.movetodelivery.cz\/uk\/spolupracujeme\/","og_locale":"uk_UA","og_type":"article","og_title":"\u041c\u0418 \u041f\u0420\u0410\u0426\u042e\u0404\u041c\u041e \u0420\u0410\u0417\u041e\u041c - MoveTo Delivery","og_description":"\u00dazce spolupracujeme se siln\u00fdmi partnery, pln\u00edme z\u00e1vazky i o\u010dek\u00e1v\u00e1n\u00ed. Pom\u00e1h\u00e1me rychleji odbavovat objedn\u00e1vky a udr\u017eet v\u011brnost\u00a0z\u00e1kazn\u00edk\u016f.","og_url":"https:\/\/www.movetodelivery.cz\/uk\/spolupracujeme\/","og_site_name":"MoveTo Delivery","article_modified_time":"2023-10-17T07:38:01+00:00","twitter_card":"summary_large_image","schema":{"@context":"https:\/\/schema.org","@graph":[{"@type":"WebPage","@id":"https:\/\/www.movetodelivery.cz\/uk\/spolupracujeme\/","url":"https:\/\/www.movetodelivery.cz\/uk\/spolupracujeme\/","name":"\u041c\u0418 \u041f\u0420\u0410\u0426\u042e\u0404\u041c\u041e \u0420\u0410\u0417\u041e\u041c - MoveTo Delivery","isPartOf":{"@id":"https:\/\/www.movetodelivery.cz\/uk\/#website"},"datePublished":"2023-05-24T12:57:07+00:00","dateModified":"2023-10-17T07:38:01+00:00","description":"\u00dazce spolupracujeme se siln\u00fdmi partnery, pln\u00edme z\u00e1vazky i o\u010dek\u00e1v\u00e1n\u00ed. Pom\u00e1h\u00e1me rychleji odbavovat objedn\u00e1vky a udr\u017eet v\u011brnost\u00a0z\u00e1kazn\u00edk\u016f.","breadcrumb":{"@id":"https:\/\/www.movetodelivery.cz\/uk\/spolupracujeme\/#breadcrumb"},"inLanguage":"uk","potentialAction":[{"@type":"ReadAction","target":["https:\/\/www.movetodelivery.cz\/uk\/spolupracujeme\/"]}]},{"@type":"BreadcrumbList","@id":"https:\/\/www.movetodelivery.cz\/uk\/spolupracujeme\/#breadcrumb","itemListElement":[{"@type":"ListItem","position":1,"name":"Dom\u016f","item":"https:\/\/www.movetodelivery.cz\/uk\/"},{"@type":"ListItem","position":2,"name":"\u041c\u0418 \u041f\u0420\u0410\u0426\u042e\u0404\u041c\u041e \u0420\u0410\u0417\u041e\u041c"}]},{"@type":"WebSite","@id":"https:\/\/www.movetodelivery.cz\/uk\/#website","url":"https:\/\/www.movetodelivery.cz\/uk\/","name":"MoveTo Delivery","description":"","potentialAction":[{"@type":"SearchAction","target":{"@type":"EntryPoint","urlTemplate":"https:\/\/www.movetodelivery.cz\/uk\/?s={search_term_string}"},"query-input":"required name=search_term_string"}],"inLanguage":"uk"}]}},"_links":{"self":[{"href":"https:\/\/www.movetodelivery.cz\/uk\/wp-json\/wp\/v2\/pages\/3378","targetHints":{"allow":["GET"]}}],"collection":[{"href":"https:\/\/www.movetodelivery.cz\/uk\/wp-json\/wp\/v2\/pages"}],"about":[{"href":"https:\/\/www.movetodelivery.cz\/uk\/wp-json\/wp\/v2\/types\/page"}],"author":[{"embeddable":true,"href":"https:\/\/www.movetodelivery.cz\/uk\/wp-json\/wp\/v2\/users\/1"}],"replies":[{"embeddable":true,"href":"https:\/\/www.movetodelivery.cz\/uk\/wp-json\/wp\/v2\/comments?post=3378"}],"version-history":[{"count":8,"href":"https:\/\/www.movetodelivery.cz\/uk\/wp-json\/wp\/v2\/pages\/3378\/revisions"}],"predecessor-version":[{"id":5769,"href":"https:\/\/www.movetodelivery.cz\/uk\/wp-json\/wp\/v2\/pages\/3378\/revisions\/5769"}],"wp:attachment":[{"href":"https:\/\/www.movetodelivery.cz\/uk\/wp-json\/wp\/v2\/media?parent=3378"}],"curies":[{"name":"wp","href":"https:\/\/api.w.org\/{rel}","templated":true}]}}