{"id":1143,"date":"2023-05-25T12:23:12","date_gmt":"2023-05-25T10:23:12","guid":{"rendered":"https:\/\/www.movetodelivery.cz\/blog\/"},"modified":"2023-06-22T14:18:49","modified_gmt":"2023-06-22T12:18:49","slug":"blog","status":"publish","type":"page","link":"https:\/\/www.movetodelivery.cz\/sk\/blog\/","title":{"rendered":"Blog"},"content":{"rendered":"","protected":false},"excerpt":{"rendered":"","protected":false},"author":1,"featured_media":0,"parent":0,"menu_order":0,"comment_status":"closed","ping_status":"closed","template":"page-templates\/template-blog_list.php","meta":{"footnotes":""},"class_list":["post-1143","page","type-page","status-publish","hentry"],"acf":[],"yoast_head":"<!-- This site is optimized with the Yoast SEO plugin v20.10 - https:\/\/yoast.com\/wordpress\/plugins\/seo\/ -->\n<title>Blog - MoveTo Delivery<\/title>\n<meta name=\"description\" content=\"Tipy, zauj\u00edmavosti a \u010dl\u00e1nky zo sveta logistiky. V\u0161etky d\u00f4le\u017eit\u00e9 inform\u00e1cie a zauj\u00edmavosti na jednom mieste.\" \/>\n<meta name=\"robots\" content=\"index, follow, max-snippet:-1, max-image-preview:large, max-video-preview:-1\" \/>\n<link rel=\"canonical\" href=\"https:\/\/www.movetodelivery.cz\/sk\/blog\/\" \/>\n<meta property=\"og:locale\" content=\"sk_SK\" \/>\n<meta property=\"og:type\" content=\"article\" \/>\n<meta property=\"og:title\" content=\"Blog - MoveTo Delivery\" \/>\n<meta property=\"og:description\" content=\"Tipy, zauj\u00edmavosti a \u010dl\u00e1nky zo sveta logistiky. V\u0161etky d\u00f4le\u017eit\u00e9 inform\u00e1cie a zauj\u00edmavosti na jednom mieste.\" \/>\n<meta property=\"og:url\" content=\"https:\/\/www.movetodelivery.cz\/sk\/blog\/\" \/>\n<meta property=\"og:site_name\" content=\"MoveTo Delivery\" \/>\n<meta property=\"article:modified_time\" content=\"2023-06-22T12:18:49+00:00\" \/>\n<meta name=\"twitter:card\" content=\"summary_large_image\" \/>\n<script type=\"application\/ld+json\" class=\"yoast-schema-graph\">{\"@context\":\"https:\/\/schema.org\",\"@graph\":[{\"@type\":\"WebPage\",\"@id\":\"https:\/\/www.movetodelivery.cz\/sk\/blog\/\",\"url\":\"https:\/\/www.movetodelivery.cz\/sk\/blog\/\",\"name\":\"Blog - MoveTo Delivery\",\"isPartOf\":{\"@id\":\"https:\/\/www.movetodelivery.cz\/sk\/#website\"},\"datePublished\":\"2023-05-25T10:23:12+00:00\",\"dateModified\":\"2023-06-22T12:18:49+00:00\",\"description\":\"Tipy, zauj\u00edmavosti a \u010dl\u00e1nky zo sveta logistiky. V\u0161etky d\u00f4le\u017eit\u00e9 inform\u00e1cie a zauj\u00edmavosti na jednom mieste.\",\"breadcrumb\":{\"@id\":\"https:\/\/www.movetodelivery.cz\/sk\/blog\/#breadcrumb\"},\"inLanguage\":\"sk-SK\",\"potentialAction\":[{\"@type\":\"ReadAction\",\"target\":[\"https:\/\/www.movetodelivery.cz\/sk\/blog\/\"]}]},{\"@type\":\"BreadcrumbList\",\"@id\":\"https:\/\/www.movetodelivery.cz\/sk\/blog\/#breadcrumb\",\"itemListElement\":[{\"@type\":\"ListItem\",\"position\":1,\"name\":\"Dom\u016f\",\"item\":\"https:\/\/www.movetodelivery.cz\/sk\/\"},{\"@type\":\"ListItem\",\"position\":2,\"name\":\"Blog\"}]},{\"@type\":\"WebSite\",\"@id\":\"https:\/\/www.movetodelivery.cz\/sk\/#website\",\"url\":\"https:\/\/www.movetodelivery.cz\/sk\/\",\"name\":\"MoveTo Delivery\",\"description\":\"\",\"potentialAction\":[{\"@type\":\"SearchAction\",\"target\":{\"@type\":\"EntryPoint\",\"urlTemplate\":\"https:\/\/www.movetodelivery.cz\/sk\/?s={search_term_string}\"},\"query-input\":\"required name=search_term_string\"}],\"inLanguage\":\"sk-SK\"}]}<\/script>\n<!-- \/ Yoast SEO plugin. -->","yoast_head_json":{"title":"Blog - MoveTo Delivery","description":"Tipy, zauj\u00edmavosti a \u010dl\u00e1nky zo sveta logistiky. V\u0161etky d\u00f4le\u017eit\u00e9 inform\u00e1cie a zauj\u00edmavosti na jednom mieste.","robots":{"index":"index","follow":"follow","max-snippet":"max-snippet:-1","max-image-preview":"max-image-preview:large","max-video-preview":"max-video-preview:-1"},"canonical":"https:\/\/www.movetodelivery.cz\/sk\/blog\/","og_locale":"sk_SK","og_type":"article","og_title":"Blog - MoveTo Delivery","og_description":"Tipy, zauj\u00edmavosti a \u010dl\u00e1nky zo sveta logistiky. V\u0161etky d\u00f4le\u017eit\u00e9 inform\u00e1cie a zauj\u00edmavosti na jednom mieste.","og_url":"https:\/\/www.movetodelivery.cz\/sk\/blog\/","og_site_name":"MoveTo Delivery","article_modified_time":"2023-06-22T12:18:49+00:00","twitter_card":"summary_large_image","schema":{"@context":"https:\/\/schema.org","@graph":[{"@type":"WebPage","@id":"https:\/\/www.movetodelivery.cz\/sk\/blog\/","url":"https:\/\/www.movetodelivery.cz\/sk\/blog\/","name":"Blog - MoveTo Delivery","isPartOf":{"@id":"https:\/\/www.movetodelivery.cz\/sk\/#website"},"datePublished":"2023-05-25T10:23:12+00:00","dateModified":"2023-06-22T12:18:49+00:00","description":"Tipy, zauj\u00edmavosti a \u010dl\u00e1nky zo sveta logistiky. V\u0161etky d\u00f4le\u017eit\u00e9 inform\u00e1cie a zauj\u00edmavosti na jednom mieste.","breadcrumb":{"@id":"https:\/\/www.movetodelivery.cz\/sk\/blog\/#breadcrumb"},"inLanguage":"sk-SK","potentialAction":[{"@type":"ReadAction","target":["https:\/\/www.movetodelivery.cz\/sk\/blog\/"]}]},{"@type":"BreadcrumbList","@id":"https:\/\/www.movetodelivery.cz\/sk\/blog\/#breadcrumb","itemListElement":[{"@type":"ListItem","position":1,"name":"Dom\u016f","item":"https:\/\/www.movetodelivery.cz\/sk\/"},{"@type":"ListItem","position":2,"name":"Blog"}]},{"@type":"WebSite","@id":"https:\/\/www.movetodelivery.cz\/sk\/#website","url":"https:\/\/www.movetodelivery.cz\/sk\/","name":"MoveTo Delivery","description":"","potentialAction":[{"@type":"SearchAction","target":{"@type":"EntryPoint","urlTemplate":"https:\/\/www.movetodelivery.cz\/sk\/?s={search_term_string}"},"query-input":"required name=search_term_string"}],"inLanguage":"sk-SK"}]}},"_links":{"self":[{"href":"https:\/\/www.movetodelivery.cz\/sk\/wp-json\/wp\/v2\/pages\/1143","targetHints":{"allow":["GET"]}}],"collection":[{"href":"https:\/\/www.movetodelivery.cz\/sk\/wp-json\/wp\/v2\/pages"}],"about":[{"href":"https:\/\/www.movetodelivery.cz\/sk\/wp-json\/wp\/v2\/types\/page"}],"author":[{"embeddable":true,"href":"https:\/\/www.movetodelivery.cz\/sk\/wp-json\/wp\/v2\/users\/1"}],"replies":[{"embeddable":true,"href":"https:\/\/www.movetodelivery.cz\/sk\/wp-json\/wp\/v2\/comments?post=1143"}],"version-history":[{"count":1,"href":"https:\/\/www.movetodelivery.cz\/sk\/wp-json\/wp\/v2\/pages\/1143\/revisions"}],"predecessor-version":[{"id":1669,"href":"https:\/\/www.movetodelivery.cz\/sk\/wp-json\/wp\/v2\/pages\/1143\/revisions\/1669"}],"wp:attachment":[{"href":"https:\/\/www.movetodelivery.cz\/sk\/wp-json\/wp\/v2\/media?parent=1143"}],"curies":[{"name":"wp","href":"https:\/\/api.w.org\/{rel}","templated":true}]}}