{"id":1289,"date":"2023-06-16T11:00:10","date_gmt":"2023-06-16T09:00:10","guid":{"rendered":"https:\/\/www.movetodelivery.cz\/kariera-pro-tlacitko-v-menu\/"},"modified":"2023-06-30T11:40:23","modified_gmt":"2023-06-30T09:40:23","slug":"kariera-pro-tlacitko-v-menu","status":"publish","type":"page","link":"https:\/\/www.movetodelivery.cz\/en\/kariera-pro-tlacitko-v-menu\/","title":{"rendered":"Kari\u00e9ra pro tla\u010d\u00edtko v menu"},"content":{"rendered":"","protected":false},"excerpt":{"rendered":"","protected":false},"author":2,"featured_media":0,"parent":0,"menu_order":0,"comment_status":"closed","ping_status":"closed","template":"page-templates\/template-career_header_button.php","meta":{"footnotes":""},"class_list":["post-1289","page","type-page","status-publish","hentry"],"acf":[],"yoast_head":"<!-- This site is optimized with the Yoast SEO plugin v20.10 - https:\/\/yoast.com\/wordpress\/plugins\/seo\/ -->\n<title>Kari\u00e9ra pro tla\u010d\u00edtko v menu - MoveTo Delivery<\/title>\n<meta name=\"description\" content=\"Be part of the MoveTo Delivery team. Do you want to be the master of your time and earn a fair wage? Check out our benefits and send your CV.\" \/>\n<meta name=\"robots\" content=\"index, follow, max-snippet:-1, max-image-preview:large, max-video-preview:-1\" \/>\n<link rel=\"canonical\" href=\"https:\/\/www.movetodelivery.cz\/en\/kariera-pro-tlacitko-v-menu\/\" \/>\n<meta property=\"og:locale\" content=\"en_US\" \/>\n<meta property=\"og:type\" content=\"article\" \/>\n<meta property=\"og:title\" content=\"Kari\u00e9ra pro tla\u010d\u00edtko v menu - MoveTo Delivery\" \/>\n<meta property=\"og:description\" content=\"Be part of the MoveTo Delivery team. Do you want to be the master of your time and earn a fair wage? Check out our benefits and send your CV.\" \/>\n<meta property=\"og:url\" content=\"https:\/\/www.movetodelivery.cz\/en\/kariera-pro-tlacitko-v-menu\/\" \/>\n<meta property=\"og:site_name\" content=\"MoveTo Delivery\" \/>\n<meta property=\"article:modified_time\" content=\"2023-06-30T09:40:23+00:00\" \/>\n<meta name=\"twitter:card\" content=\"summary_large_image\" \/>\n<script type=\"application\/ld+json\" class=\"yoast-schema-graph\">{\"@context\":\"https:\/\/schema.org\",\"@graph\":[{\"@type\":\"WebPage\",\"@id\":\"https:\/\/www.movetodelivery.cz\/en\/kariera-pro-tlacitko-v-menu\/\",\"url\":\"https:\/\/www.movetodelivery.cz\/en\/kariera-pro-tlacitko-v-menu\/\",\"name\":\"Kari\u00e9ra pro tla\u010d\u00edtko v menu - MoveTo Delivery\",\"isPartOf\":{\"@id\":\"https:\/\/www.movetodelivery.cz\/en\/#website\"},\"datePublished\":\"2023-06-16T09:00:10+00:00\",\"dateModified\":\"2023-06-30T09:40:23+00:00\",\"description\":\"Be part of the MoveTo Delivery team. Do you want to be the master of your time and earn a fair wage? Check out our benefits and send your CV.\",\"breadcrumb\":{\"@id\":\"https:\/\/www.movetodelivery.cz\/en\/kariera-pro-tlacitko-v-menu\/#breadcrumb\"},\"inLanguage\":\"en-US\",\"potentialAction\":[{\"@type\":\"ReadAction\",\"target\":[\"https:\/\/www.movetodelivery.cz\/en\/kariera-pro-tlacitko-v-menu\/\"]}]},{\"@type\":\"BreadcrumbList\",\"@id\":\"https:\/\/www.movetodelivery.cz\/en\/kariera-pro-tlacitko-v-menu\/#breadcrumb\",\"itemListElement\":[{\"@type\":\"ListItem\",\"position\":1,\"name\":\"Dom\u016f\",\"item\":\"https:\/\/www.movetodelivery.cz\/en\/\"},{\"@type\":\"ListItem\",\"position\":2,\"name\":\"Kari\u00e9ra pro tla\u010d\u00edtko v menu\"}]},{\"@type\":\"WebSite\",\"@id\":\"https:\/\/www.movetodelivery.cz\/en\/#website\",\"url\":\"https:\/\/www.movetodelivery.cz\/en\/\",\"name\":\"MoveTo Delivery\",\"description\":\"\",\"potentialAction\":[{\"@type\":\"SearchAction\",\"target\":{\"@type\":\"EntryPoint\",\"urlTemplate\":\"https:\/\/www.movetodelivery.cz\/en\/?s={search_term_string}\"},\"query-input\":\"required name=search_term_string\"}],\"inLanguage\":\"en-US\"}]}<\/script>\n<!-- \/ Yoast SEO plugin. -->","yoast_head_json":{"title":"Kari\u00e9ra pro tla\u010d\u00edtko v menu - MoveTo Delivery","description":"Be part of the MoveTo Delivery team. Do you want to be the master of your time and earn a fair wage? Check out our benefits and send your CV.","robots":{"index":"index","follow":"follow","max-snippet":"max-snippet:-1","max-image-preview":"max-image-preview:large","max-video-preview":"max-video-preview:-1"},"canonical":"https:\/\/www.movetodelivery.cz\/en\/kariera-pro-tlacitko-v-menu\/","og_locale":"en_US","og_type":"article","og_title":"Kari\u00e9ra pro tla\u010d\u00edtko v menu - MoveTo Delivery","og_description":"Be part of the MoveTo Delivery team. Do you want to be the master of your time and earn a fair wage? Check out our benefits and send your CV.","og_url":"https:\/\/www.movetodelivery.cz\/en\/kariera-pro-tlacitko-v-menu\/","og_site_name":"MoveTo Delivery","article_modified_time":"2023-06-30T09:40:23+00:00","twitter_card":"summary_large_image","schema":{"@context":"https:\/\/schema.org","@graph":[{"@type":"WebPage","@id":"https:\/\/www.movetodelivery.cz\/en\/kariera-pro-tlacitko-v-menu\/","url":"https:\/\/www.movetodelivery.cz\/en\/kariera-pro-tlacitko-v-menu\/","name":"Kari\u00e9ra pro tla\u010d\u00edtko v menu - MoveTo Delivery","isPartOf":{"@id":"https:\/\/www.movetodelivery.cz\/en\/#website"},"datePublished":"2023-06-16T09:00:10+00:00","dateModified":"2023-06-30T09:40:23+00:00","description":"Be part of the MoveTo Delivery team. Do you want to be the master of your time and earn a fair wage? Check out our benefits and send your CV.","breadcrumb":{"@id":"https:\/\/www.movetodelivery.cz\/en\/kariera-pro-tlacitko-v-menu\/#breadcrumb"},"inLanguage":"en-US","potentialAction":[{"@type":"ReadAction","target":["https:\/\/www.movetodelivery.cz\/en\/kariera-pro-tlacitko-v-menu\/"]}]},{"@type":"BreadcrumbList","@id":"https:\/\/www.movetodelivery.cz\/en\/kariera-pro-tlacitko-v-menu\/#breadcrumb","itemListElement":[{"@type":"ListItem","position":1,"name":"Dom\u016f","item":"https:\/\/www.movetodelivery.cz\/en\/"},{"@type":"ListItem","position":2,"name":"Kari\u00e9ra pro tla\u010d\u00edtko v menu"}]},{"@type":"WebSite","@id":"https:\/\/www.movetodelivery.cz\/en\/#website","url":"https:\/\/www.movetodelivery.cz\/en\/","name":"MoveTo Delivery","description":"","potentialAction":[{"@type":"SearchAction","target":{"@type":"EntryPoint","urlTemplate":"https:\/\/www.movetodelivery.cz\/en\/?s={search_term_string}"},"query-input":"required name=search_term_string"}],"inLanguage":"en-US"}]}},"_links":{"self":[{"href":"https:\/\/www.movetodelivery.cz\/en\/wp-json\/wp\/v2\/pages\/1289","targetHints":{"allow":["GET"]}}],"collection":[{"href":"https:\/\/www.movetodelivery.cz\/en\/wp-json\/wp\/v2\/pages"}],"about":[{"href":"https:\/\/www.movetodelivery.cz\/en\/wp-json\/wp\/v2\/types\/page"}],"author":[{"embeddable":true,"href":"https:\/\/www.movetodelivery.cz\/en\/wp-json\/wp\/v2\/users\/2"}],"replies":[{"embeddable":true,"href":"https:\/\/www.movetodelivery.cz\/en\/wp-json\/wp\/v2\/comments?post=1289"}],"version-history":[{"count":13,"href":"https:\/\/www.movetodelivery.cz\/en\/wp-json\/wp\/v2\/pages\/1289\/revisions"}],"predecessor-version":[{"id":2184,"href":"https:\/\/www.movetodelivery.cz\/en\/wp-json\/wp\/v2\/pages\/1289\/revisions\/2184"}],"wp:attachment":[{"href":"https:\/\/www.movetodelivery.cz\/en\/wp-json\/wp\/v2\/media?parent=1289"}],"curies":[{"name":"wp","href":"https:\/\/api.w.org\/{rel}","templated":true}]}}