{"id":1278,"date":"2023-05-24T11:21:23","date_gmt":"2023-05-24T09:21:23","guid":{"rendered":"https:\/\/www.movetodelivery.cz\/nas-pribeh\/"},"modified":"2023-06-22T14:49:25","modified_gmt":"2023-06-22T12:49:25","slug":"nas-pribeh","status":"publish","type":"page","link":"https:\/\/www.movetodelivery.cz\/en\/nas-pribeh\/","title":{"rendered":"N\u00e1\u0161 p\u0159\u00edb\u011bh"},"content":{"rendered":"","protected":false},"excerpt":{"rendered":"","protected":false},"author":1,"featured_media":0,"parent":0,"menu_order":0,"comment_status":"closed","ping_status":"closed","template":"page-templates\/template-about.php","meta":{"footnotes":""},"class_list":["post-1278","page","type-page","status-publish","hentry"],"acf":[],"yoast_head":"<!-- This site is optimized with the Yoast SEO plugin v20.10 - https:\/\/yoast.com\/wordpress\/plugins\/seo\/ -->\n<title>N\u00e1\u0161 p\u0159\u00edb\u011bh - MoveTo Delivery<\/title>\n<meta name=\"description\" content=\"Our journey began in 2020. Today we have over 1,200 couriers. Read about our journey of growth, innovation and determination.\" \/>\n<meta name=\"robots\" content=\"index, follow, max-snippet:-1, max-image-preview:large, max-video-preview:-1\" \/>\n<link rel=\"canonical\" href=\"https:\/\/www.movetodelivery.cz\/en\/nas-pribeh\/\" \/>\n<meta property=\"og:locale\" content=\"en_US\" \/>\n<meta property=\"og:type\" content=\"article\" \/>\n<meta property=\"og:title\" content=\"N\u00e1\u0161 p\u0159\u00edb\u011bh - MoveTo Delivery\" \/>\n<meta property=\"og:description\" content=\"Our journey began in 2020. Today we have over 1,200 couriers. Read about our journey of growth, innovation and determination.\" \/>\n<meta property=\"og:url\" content=\"https:\/\/www.movetodelivery.cz\/en\/nas-pribeh\/\" \/>\n<meta property=\"og:site_name\" content=\"MoveTo Delivery\" \/>\n<meta property=\"article:modified_time\" content=\"2023-06-22T12:49:25+00:00\" \/>\n<meta name=\"twitter:card\" content=\"summary_large_image\" \/>\n<script type=\"application\/ld+json\" class=\"yoast-schema-graph\">{\"@context\":\"https:\/\/schema.org\",\"@graph\":[{\"@type\":\"WebPage\",\"@id\":\"https:\/\/www.movetodelivery.cz\/en\/nas-pribeh\/\",\"url\":\"https:\/\/www.movetodelivery.cz\/en\/nas-pribeh\/\",\"name\":\"N\u00e1\u0161 p\u0159\u00edb\u011bh - MoveTo Delivery\",\"isPartOf\":{\"@id\":\"https:\/\/www.movetodelivery.cz\/en\/#website\"},\"datePublished\":\"2023-05-24T09:21:23+00:00\",\"dateModified\":\"2023-06-22T12:49:25+00:00\",\"description\":\"Our journey began in 2020. Today we have over 1,200 couriers. Read about our journey of growth, innovation and determination.\",\"breadcrumb\":{\"@id\":\"https:\/\/www.movetodelivery.cz\/en\/nas-pribeh\/#breadcrumb\"},\"inLanguage\":\"en-US\",\"potentialAction\":[{\"@type\":\"ReadAction\",\"target\":[\"https:\/\/www.movetodelivery.cz\/en\/nas-pribeh\/\"]}]},{\"@type\":\"BreadcrumbList\",\"@id\":\"https:\/\/www.movetodelivery.cz\/en\/nas-pribeh\/#breadcrumb\",\"itemListElement\":[{\"@type\":\"ListItem\",\"position\":1,\"name\":\"Dom\u016f\",\"item\":\"https:\/\/www.movetodelivery.cz\/en\/\"},{\"@type\":\"ListItem\",\"position\":2,\"name\":\"N\u00e1\u0161 p\u0159\u00edb\u011bh\"}]},{\"@type\":\"WebSite\",\"@id\":\"https:\/\/www.movetodelivery.cz\/en\/#website\",\"url\":\"https:\/\/www.movetodelivery.cz\/en\/\",\"name\":\"MoveTo Delivery\",\"description\":\"\",\"potentialAction\":[{\"@type\":\"SearchAction\",\"target\":{\"@type\":\"EntryPoint\",\"urlTemplate\":\"https:\/\/www.movetodelivery.cz\/en\/?s={search_term_string}\"},\"query-input\":\"required name=search_term_string\"}],\"inLanguage\":\"en-US\"}]}<\/script>\n<!-- \/ Yoast SEO plugin. -->","yoast_head_json":{"title":"N\u00e1\u0161 p\u0159\u00edb\u011bh - MoveTo Delivery","description":"Our journey began in 2020. Today we have over 1,200 couriers. Read about our journey of growth, innovation and determination.","robots":{"index":"index","follow":"follow","max-snippet":"max-snippet:-1","max-image-preview":"max-image-preview:large","max-video-preview":"max-video-preview:-1"},"canonical":"https:\/\/www.movetodelivery.cz\/en\/nas-pribeh\/","og_locale":"en_US","og_type":"article","og_title":"N\u00e1\u0161 p\u0159\u00edb\u011bh - MoveTo Delivery","og_description":"Our journey began in 2020. Today we have over 1,200 couriers. Read about our journey of growth, innovation and determination.","og_url":"https:\/\/www.movetodelivery.cz\/en\/nas-pribeh\/","og_site_name":"MoveTo Delivery","article_modified_time":"2023-06-22T12:49:25+00:00","twitter_card":"summary_large_image","schema":{"@context":"https:\/\/schema.org","@graph":[{"@type":"WebPage","@id":"https:\/\/www.movetodelivery.cz\/en\/nas-pribeh\/","url":"https:\/\/www.movetodelivery.cz\/en\/nas-pribeh\/","name":"N\u00e1\u0161 p\u0159\u00edb\u011bh - MoveTo Delivery","isPartOf":{"@id":"https:\/\/www.movetodelivery.cz\/en\/#website"},"datePublished":"2023-05-24T09:21:23+00:00","dateModified":"2023-06-22T12:49:25+00:00","description":"Our journey began in 2020. Today we have over 1,200 couriers. Read about our journey of growth, innovation and determination.","breadcrumb":{"@id":"https:\/\/www.movetodelivery.cz\/en\/nas-pribeh\/#breadcrumb"},"inLanguage":"en-US","potentialAction":[{"@type":"ReadAction","target":["https:\/\/www.movetodelivery.cz\/en\/nas-pribeh\/"]}]},{"@type":"BreadcrumbList","@id":"https:\/\/www.movetodelivery.cz\/en\/nas-pribeh\/#breadcrumb","itemListElement":[{"@type":"ListItem","position":1,"name":"Dom\u016f","item":"https:\/\/www.movetodelivery.cz\/en\/"},{"@type":"ListItem","position":2,"name":"N\u00e1\u0161 p\u0159\u00edb\u011bh"}]},{"@type":"WebSite","@id":"https:\/\/www.movetodelivery.cz\/en\/#website","url":"https:\/\/www.movetodelivery.cz\/en\/","name":"MoveTo Delivery","description":"","potentialAction":[{"@type":"SearchAction","target":{"@type":"EntryPoint","urlTemplate":"https:\/\/www.movetodelivery.cz\/en\/?s={search_term_string}"},"query-input":"required name=search_term_string"}],"inLanguage":"en-US"}]}},"_links":{"self":[{"href":"https:\/\/www.movetodelivery.cz\/en\/wp-json\/wp\/v2\/pages\/1278","targetHints":{"allow":["GET"]}}],"collection":[{"href":"https:\/\/www.movetodelivery.cz\/en\/wp-json\/wp\/v2\/pages"}],"about":[{"href":"https:\/\/www.movetodelivery.cz\/en\/wp-json\/wp\/v2\/types\/page"}],"author":[{"embeddable":true,"href":"https:\/\/www.movetodelivery.cz\/en\/wp-json\/wp\/v2\/users\/1"}],"replies":[{"embeddable":true,"href":"https:\/\/www.movetodelivery.cz\/en\/wp-json\/wp\/v2\/comments?post=1278"}],"version-history":[{"count":6,"href":"https:\/\/www.movetodelivery.cz\/en\/wp-json\/wp\/v2\/pages\/1278\/revisions"}],"predecessor-version":[{"id":1672,"href":"https:\/\/www.movetodelivery.cz\/en\/wp-json\/wp\/v2\/pages\/1278\/revisions\/1672"}],"wp:attachment":[{"href":"https:\/\/www.movetodelivery.cz\/en\/wp-json\/wp\/v2\/media?parent=1278"}],"curies":[{"name":"wp","href":"https:\/\/api.w.org\/{rel}","templated":true}]}}